{"id":15,"date":"2025-09-03T04:55:20","date_gmt":"2025-09-03T04:55:20","guid":{"rendered":"https:\/\/camping-altdorf.ch\/?page_id=15"},"modified":"2026-03-30T05:30:05","modified_gmt":"2026-03-30T05:30:05","slug":"remo-camping","status":"publish","type":"page","link":"https:\/\/camping-altdorf.ch\/","title":{"rendered":"Campingplatz im Kanton Uri"},"content":{"rendered":"<h5 class=\"western\" align=\"CENTER\"><span style=\"color: #ff0000;\">Kein Zutritt erlaubt f\u00fcr:<\/span><br \/><span style=\"color: #ff0000;\">nur zum Duschen oder Waschmaschine ben\u00fctzen, auch nicht zur Camperversorgung<\/span><br \/><strong>Unsere Serviceleistungen wie Sanit\u00e4ranlage und Camperversorgung stehen nur unseren zahlenden \u00dcbernachtungsg\u00e4sten zur Verf\u00fcgung,<\/strong><\/h5>\n<h5 class=\"western\" align=\"CENTER\"><strong> ihre Camperversorgung ist in Ibach m\u00f6glich,<\/strong><br \/><strong><a href=\"https:\/\/caravan-center-zentralschweiz.ch\/dienstleistungen\/entsorgungsstation\/\">Caravan Center Zentralschweiz Muotastrasse 75, 6438 Ibach<\/a><\/strong><\/h5>\n<h2 style=\"text-align: center;\">Herzlich Willkommen im Remo Camping Altdorf<\/h2>\n<h3 style=\"text-align: center;\"><strong><em>Wir haben das ganze Jahr f\u00fcr sie ge\u00f6ffnet<\/em><\/strong><\/h3>\n<h3 style=\"text-align: center;\"><strong><em>die Anreise<\/em><\/strong><strong><em> ist erst ab 14.00 Uhr m\u00f6glich,<\/em><\/strong><\/h3>\n<h3 style=\"text-align: center;\"><strong><em> bitte blockieren sie nicht die Strasse zum Schwimmbad<\/em><\/strong><\/h3>\n<h2 style=\"text-align: center;\"><span style=\"color: #33cccc;\"><a style=\"color: #33cccc;\" href=\"https:\/\/9495ddac1d7f412e.sirvoy.me\/\"><span style=\"color: #0000ff;\">Bei uns k\u00f6nnen sie direkt Online 1 Nacht f\u00fcr ihre Durchreise\u00a0 mit Wohnwagen oder Camper Reservieren \/ Buchen<\/span><\/a><\/span><\/h2>\n<p><img loading=\"lazy\" decoding=\"async\" class=\"aligncenter wp-image-65 size-medium\" src=\"https:\/\/camping-altdorf.ch\/wp-content\/uploads\/2025\/09\/eingang-camping-300x300.jpg\" alt=\"Haupthaus, Rezeption und Sanit\u00e4re Anlage\" width=\"300\" height=\"300\" srcset=\"https:\/\/camping-altdorf.ch\/wp-content\/uploads\/2025\/09\/eingang-camping-300x300.jpg 300w, https:\/\/camping-altdorf.ch\/wp-content\/uploads\/2025\/09\/eingang-camping-1024x1024.jpg 1024w, https:\/\/camping-altdorf.ch\/wp-content\/uploads\/2025\/09\/eingang-camping-150x150.jpg 150w, https:\/\/camping-altdorf.ch\/wp-content\/uploads\/2025\/09\/eingang-camping-768x768.jpg 768w, https:\/\/camping-altdorf.ch\/wp-content\/uploads\/2025\/09\/eingang-camping-1536x1536.jpg 1536w, https:\/\/camping-altdorf.ch\/wp-content\/uploads\/2025\/09\/eingang-camping-2048x2048.jpg 2048w\" sizes=\"auto, (max-width: 300px) 100vw, 300px\" \/><\/p>\n<h2 style=\"text-align: center;\"><strong>wir haben Stellpl\u00e4tze f\u00fcr Camper und Caravan<\/strong><\/h2>\n<p style=\"text-align: center;\"><strong>die Pl\u00e4tze sind nicht zum gekoppelt stehen, <\/strong><\/p>\n<p style=\"text-align: center;\"><strong>der Wohnwagen steht neben dem Auto<\/strong><\/p>\n<p>&nbsp;<\/p>\n<pre id=\"tw-target-text\" class=\"tw-data-text tw-text-large tw-ta\" dir=\"ltr\" data-placeholder=\"\u00dcbersetzung\" data-ved=\"2ahUKEwi2usm8oryPAxW2gP0HHdstBXEQ3ewLegQIChAU\" aria-label=\"\u00dcbersetzter Text: Unfortunately, tents cannot stay overnight with us\"><img loading=\"lazy\" decoding=\"async\" class=\"size-medium wp-image-114 aligncenter\" src=\"https:\/\/camping-altdorf.ch\/wp-content\/uploads\/2025\/09\/postkarte-mit-info-300x216.jpg\" alt=\"\" width=\"300\" height=\"216\" srcset=\"https:\/\/camping-altdorf.ch\/wp-content\/uploads\/2025\/09\/postkarte-mit-info-300x216.jpg 300w, https:\/\/camping-altdorf.ch\/wp-content\/uploads\/2025\/09\/postkarte-mit-info-768x553.jpg 768w, https:\/\/camping-altdorf.ch\/wp-content\/uploads\/2025\/09\/postkarte-mit-info.jpg 909w\" sizes=\"auto, (max-width: 300px) 100vw, 300px\" \/><\/pre>\n<p>&nbsp;<\/p>\n<p>&nbsp;<\/p>\n<p><iframe loading=\"lazy\" style=\"border: 0;\" src=\"https:\/\/www.google.com\/maps\/embed?pb=!1m18!1m12!1m3!1d5453.003246243252!2d8.625425511760254!3d46.892852336872124!2m3!1f0!2f0!3f0!3m2!1i1024!2i768!4f13.1!3m3!1m2!1s0x4785449b39cbb149%3A0xbd06db127089370e!2sRemo%20Camping!5e0!3m2!1sde!2sch!4v1756962893081!5m2!1sde!2sch\" width=\"600\" height=\"450\" allowfullscreen=\"allowfullscreen\"><\/iframe><\/p>\n\n\n<figure class=\"wp-block-image aligncenter size-large is-resized\"><img loading=\"lazy\" decoding=\"async\" width=\"737\" height=\"1024\" src=\"https:\/\/camping-altdorf.ch\/wp-content\/uploads\/2026\/02\/WhatsApp-Image-2026-02-15-at-10.08.55-737x1024.jpeg\" alt=\"\" class=\"wp-image-494\" style=\"aspect-ratio:0.7197321763329121;width:160px;height:auto\"\/><\/figure>\n\n\n\n<div class=\"wp-block-columns is-style-default is-layout-flex wp-container-core-columns-is-layout-28f84493 wp-block-columns-is-layout-flex\">\n<div class=\"wp-block-column is-layout-flow wp-block-column-is-layout-flow\" style=\"flex-basis:100%\">\n<a href=\"https:\/\/www.beyondcamping.de\/camping\/campingplaetze\/\" target=\"_blank\" rel=\"noopener\"><img loading=\"lazy\" decoding=\"async\" src=\"https:\/\/www.beyondcamping.de\/wp-content\/uploads\/award-campingplatz-beyondcamping-2025-farbig.png\" alt=\"BeyondCamping Campingplatz Auszeichnung\" width=\"140\" height=\"140\" border=\"0\" style=\"border-style:none;\"><\/a>\n<\/div>\n<\/div>\n\n\n\n<figure class=\"wp-block-image aligncenter size-full is-resized\"><a href=\"https:\/\/www.wohnmobilland-schweiz.ch\/Fueer_Wohnmobilisten\/Stellplaetze\/Detail\/Remo-Camping\/233\/\"><img loading=\"lazy\" decoding=\"async\" width=\"174\" height=\"41\" src=\"https:\/\/camping-altdorf.ch\/wp-content\/uploads\/2025\/10\/Wohnmobilland_Schweiz_Logo.png\" alt=\"\" class=\"wp-image-297\" style=\"width:630px;height:auto\"\/><\/a><\/figure>\n\n\n\n<figure class=\"wp-block-image aligncenter size-full\"><a href=\"https:\/\/web.camping-app.eu\/stellplatz\/38mgs231\/Campingplatz-camping-altdorf-ch-altdorf-ur-schweiz\"><img loading=\"lazy\" decoding=\"async\" width=\"300\" height=\"300\" src=\"https:\/\/camping-altdorf.ch\/wp-content\/uploads\/2026\/03\/camping-app-en-e1773730273907.png\" alt=\"\" class=\"wp-image-506\"\/><\/a><\/figure>\n\n\n\n<a id=\"dz-rating-widget-274535\" href=\"https:\/\/stellplatz.Info\/wohnmobilstellplatz\/remo-camping-moosbad?utm_source=Rating-Widget#Bewertungen\" class=\"dzrw0\" target=\"_blank\">\n    &#8218;Remo Camping Moosbad&#8216; Bewertungen auf stellplatz.info\n<\/a>\n<script src=\"https:\/\/stellplatz.Info\/ratingswidget.js?id=274535\" async><\/script>\n\n\n\n<p><a href=\"https:\/\/ev-vakantie.nl\/campings\/zwitserland\/remo-camping-altdorf\/\" target=\"_blank\">\n  <\/a><\/p>\n\n\n\n<figure class=\"wp-block-image aligncenter is-resized\"><a href=\"https:\/\/ev-vakantie.nl\/campings\/zwitserland\/remo-camping-altdorf\/\" target=\"_blank\"><img decoding=\"async\" src=\"https:\/\/ev-vakantie.nl\/wp-content\/uploads\/2026\/03\/badge-brons.png\" alt=\"EV-Approved Badge\" style=\"width:134px;height:auto\"\/><\/a><\/figure>\n\n\n\n<p><\/p>\n\n\n\n<figure class=\"wp-block-image size-large\"><a href=\"https:\/\/barbarawidmer.partylite.ch\/\"><img loading=\"lazy\" decoding=\"async\" width=\"1024\" height=\"332\" src=\"https:\/\/camping-altdorf.ch\/wp-content\/uploads\/2026\/02\/glolite-1024x332.webp\" alt=\"\" class=\"wp-image-489\" srcset=\"https:\/\/camping-altdorf.ch\/wp-content\/uploads\/2026\/02\/glolite-1024x332.webp 1024w, https:\/\/camping-altdorf.ch\/wp-content\/uploads\/2026\/02\/glolite-300x97.webp 300w, https:\/\/camping-altdorf.ch\/wp-content\/uploads\/2026\/02\/glolite-768x249.webp 768w, https:\/\/camping-altdorf.ch\/wp-content\/uploads\/2026\/02\/glolite-1536x497.webp 1536w, https:\/\/camping-altdorf.ch\/wp-content\/uploads\/2026\/02\/glolite-2048x663.webp 2048w\" sizes=\"auto, (max-width: 1024px) 100vw, 1024px\" \/><\/a><\/figure>\n","protected":false},"excerpt":{"rendered":"<p>Kein Zutritt erlaubt f\u00fcr:nur zum Duschen oder Waschmaschine ben\u00fctzen, auch nicht zur CamperversorgungUnsere Serviceleistungen wie Sanit\u00e4ranlage und Camperversorgung stehen nur unseren zahlenden \u00dcbernachtungsg\u00e4sten zur Verf\u00fcgung, ihre Camperversorgung ist in Ibach m\u00f6glich,Caravan Center Zentralschweiz Muotastrasse 75, 6438 Ibach Herzlich Willkommen im Remo Camping Altdorf Wir haben das ganze Jahr f\u00fcr sie ge\u00f6ffnet die Anreise ist erst [&hellip;]<\/p>\n","protected":false},"author":1,"featured_media":0,"parent":0,"menu_order":0,"comment_status":"closed","ping_status":"closed","template":"","meta":{"footnotes":""},"class_list":["post-15","page","type-page","status-publish","hentry"],"jetpack_sharing_enabled":true,"jetpack_likes_enabled":true,"_links":{"self":[{"href":"https:\/\/camping-altdorf.ch\/index.php\/wp-json\/wp\/v2\/pages\/15","targetHints":{"allow":["GET"]}}],"collection":[{"href":"https:\/\/camping-altdorf.ch\/index.php\/wp-json\/wp\/v2\/pages"}],"about":[{"href":"https:\/\/camping-altdorf.ch\/index.php\/wp-json\/wp\/v2\/types\/page"}],"author":[{"embeddable":true,"href":"https:\/\/camping-altdorf.ch\/index.php\/wp-json\/wp\/v2\/users\/1"}],"replies":[{"embeddable":true,"href":"https:\/\/camping-altdorf.ch\/index.php\/wp-json\/wp\/v2\/comments?post=15"}],"version-history":[{"count":33,"href":"https:\/\/camping-altdorf.ch\/index.php\/wp-json\/wp\/v2\/pages\/15\/revisions"}],"predecessor-version":[{"id":531,"href":"https:\/\/camping-altdorf.ch\/index.php\/wp-json\/wp\/v2\/pages\/15\/revisions\/531"}],"wp:attachment":[{"href":"https:\/\/camping-altdorf.ch\/index.php\/wp-json\/wp\/v2\/media?parent=15"}],"curies":[{"name":"wp","href":"https:\/\/api.w.org\/{rel}","templated":true}]}}